{"id":24,"date":"2024-02-11T18:54:21","date_gmt":"2024-02-11T17:54:21","guid":{"rendered":"https:\/\/visionair.umh.es\/?page_id=24"},"modified":"2024-02-11T20:43:25","modified_gmt":"2024-02-11T19:43:25","slug":"objetivos","status":"publish","type":"page","link":"https:\/\/visionair.umh.es\/ca\/objetivos\/","title":{"rendered":"RESUM DEL PROJECTE"},"content":{"rendered":"<p><\/p>\n<h1 style=\"text-align: justify\"><span style=\"text-decoration: underline\">OBJECTIUS<\/span><\/h1>\n<h2 style=\"text-align: justify\"><span style=\"color: #0000ff\"> Qu\u00e8 voleu aconseguir mitjan\u00e7ant la implementaci\u00f3 del projecte? <\/span><\/h2>\n<p style=\"text-align: justify\">El desenvolupament de tecnologies en l\u00ednia, sistemes en el n\u00favol i IoT planteja noves oportunitats per recopilar dades, per\u00f2 el desenvolupament de habilitats i capacitats per processar, avaluar i comprendre&#8217;ls de manera efectiva sovint est\u00e0 absent. Aquest \u00e9s tamb\u00e9 el cas d&#8217;una de les \u00e0rees ambientals cr\u00edtiques, que \u00e9s la qualitat de l&#8217;aire. L&#8217;objectiu \u00e9s refor\u00e7ar les habilitats i la base de coneixement dels estudiants i professors de les Institucions d&#8217;Educaci\u00f3 Superior per treballar amb grans dades sobre la qualitat de l&#8217;aire i investigar el seu impacte en la salut de la poblaci\u00f3.<\/p>\n<h1 style=\"text-align: justify\"><span style=\"text-decoration: underline\">IMPLEMENTACI\u00d3<\/span><\/h1>\n<h2 style=\"text-align: justify\"><span style=\"color: #0000ff\">Quines activitats aneu a implementar?<\/span><\/h2>\n<p style=\"text-align: justify\">Les universitats implicaran els estudiants per resumir el coneixement disponible i nou sobre la qualitat de l&#8217;aire (big data), identificar les conseq\u00fc\u00e8ncies ambientals, econ\u00f2miques i socials i els riscos per a la salut de la contaminaci\u00f3 de l&#8217;aire basant-se en les dades recopilades, i preparar propostes i conceptes per millorar la qualitat de l&#8217;aire. Desenvoluparan un model per a la presentaci\u00f3 i interpretaci\u00f3 simplificades de dades. El consorci desenvolupar\u00e0 compet\u00e8ncies digitals i coneixements sobre l&#8217;\u00fas d&#8217;eines innovadores i la seva connexi\u00f3 amb problemes ambientals.<\/p>\n<h1 style=\"text-align: justify\"><span style=\"text-decoration: underline\">RESULTATS<\/span><\/h1>\n<h2 style=\"text-align: justify\"><span style=\"color: #0000ff\">Quins resultats del projecte i altres resultats espereu obtenir del vostre projecte?<\/span><\/h2>\n<p style=\"text-align: justify\">Els resultats s\u00f3n una s\u00edntesi de coneixements i dades sobre la qualitat de l&#8217;aire en 4 pa\u00efsos, una guia metodol\u00f2gica sobre la seva mesura i resultats de recerca sobre la percepci\u00f3 de la qualitat de l&#8217;aire i el medi ambient. Proporcionaran informaci\u00f3 sobre el contingut de les mostres d&#8217;aire, estad\u00edstiques sobre l&#8217;impacte de la contaminaci\u00f3 en la salut, conceptes de presentaci\u00f3 de dades. Es desenvolupar\u00e0 un manual de procediments sobre la reducci\u00f3 de la contaminaci\u00f3 de l&#8217;aire, amb un sistema de control per a la protecci\u00f3 de la salut. Els resultats s&#8217;inclouran en tallers educatius.<\/p>\n<p style=\"text-align: justify\">\n<p><\/p>","protected":false},"excerpt":{"rendered":"<p>OBJECTIUS<br \/>\n Qu\u00e8 voleu aconseguir mitjan\u00e7ant la implementaci\u00f3 del projecte?<br \/>\nEl desenvolupament de tecnologies en l\u00ednia, sistemes en el n\u00favol i IoT planteja noves oportunitats per recopilar dades, per\u00f2 el desenvolupament de habilitats i capacitats per processar, avaluar i comprendre&#8217;ls de manera efectiva sovint est\u00e0 absent. Aquest \u00e9s tamb\u00e9 el cas d&#8217;una de les \u00e0rees ambientals [&#8230;]<\/p>\n","protected":false},"author":5534,"featured_media":0,"parent":0,"menu_order":0,"comment_status":"closed","ping_status":"closed","template":"","meta":{"_links_to":"","_links_to_target":""},"_links":{"self":[{"href":"https:\/\/visionair.umh.es\/ca\/wp-json\/wp\/v2\/pages\/24"}],"collection":[{"href":"https:\/\/visionair.umh.es\/ca\/wp-json\/wp\/v2\/pages"}],"about":[{"href":"https:\/\/visionair.umh.es\/ca\/wp-json\/wp\/v2\/types\/page"}],"author":[{"embeddable":true,"href":"https:\/\/visionair.umh.es\/ca\/wp-json\/wp\/v2\/users\/5534"}],"replies":[{"embeddable":true,"href":"https:\/\/visionair.umh.es\/ca\/wp-json\/wp\/v2\/comments?post=24"}],"version-history":[{"count":0,"href":"https:\/\/visionair.umh.es\/ca\/wp-json\/wp\/v2\/pages\/24\/revisions"}],"wp:attachment":[{"href":"https:\/\/visionair.umh.es\/ca\/wp-json\/wp\/v2\/media?parent=24"}],"curies":[{"name":"wp","href":"https:\/\/api.w.org\/{rel}","templated":true}]}}